{"id":527,"date":"2021-10-04T15:00:10","date_gmt":"2021-10-04T15:00:10","guid":{"rendered":"https:\/\/cbd-power-naturkosmetik.com\/?page_id=527"},"modified":"2023-03-15T11:21:52","modified_gmt":"2023-03-15T11:21:52","slug":"impressum","status":"publish","type":"page","link":"https:\/\/cbd-power-naturkosmetik.com\/es\/impressum\/","title":{"rendered":"Impressum"},"content":{"rendered":"\n\n[et_pb_section fb_built=&#8220;1&#8243; admin_label=&#8220;Meal Plans&#8220; _builder_version=&#8220;4.16&#8243; background_enable_color=&#8220;off&#8220; background_enable_image=&#8220;off&#8220; background_size=&#8220;initial&#8220; custom_margin=&#8220;|||&#8220; custom_padding=&#8220;0%|0px|0%|0px||&#8220; da_disable_devices=&#8220;off|off|off&#8220; global_colors_info=&#8220;{}&#8220; da_is_popup=&#8220;off&#8220; da_exit_intent=&#8220;off&#8220; da_has_close=&#8220;on&#8220; da_alt_close=&#8220;off&#8220; da_dark_close=&#8220;off&#8220; da_not_modal=&#8220;on&#8220; da_is_singular=&#8220;off&#8220; da_with_loader=&#8220;off&#8220; da_has_shadow=&#8220;on&#8220;][et_pb_row column_structure=&#8220;1_5,3_5,1_5&#8243; _builder_version=&#8220;4.16&#8243; width=&#8220;100%&#8220; max_width=&#8220;2560px&#8220; global_colors_info=&#8220;{}&#8220;][et_pb_column type=&#8220;1_5&#8243; _builder_version=&#8220;4.16&#8243; custom_padding=&#8220;|||&#8220; global_colors_info=&#8220;{}&#8220; custom_padding__hover=&#8220;|||&#8220;][\/et_pb_column][et_pb_column type=&#8220;3_5&#8243; _builder_version=&#8220;4.16&#8243; custom_padding=&#8220;|||&#8220; global_colors_info=&#8220;{}&#8220; custom_padding__hover=&#8220;|||&#8220;][et_pb_cta title=&#8220;Impressum&#8220; button_url=&#8220;#&#8220; _builder_version=&#8220;4.17.4&#8243; header_font=&#8220;Cormorant Garamond|600|||||||&#8220; header_font_size=&#8220;50px&#8220; header_line_height=&#8220;1.4em&#8220; body_font=&#8220;Montserrat|300|||||||&#8220; body_text_color=&#8220;#000000&#8243; body_font_size=&#8220;18px&#8220; body_line_height=&#8220;1.8em&#8220; background_color=&#8220;#ffffff&#8220; custom_button=&#8220;on&#8220; button_text_size=&#8220;14px&#8220; button_text_color=&#8220;#ffffff&#8220; button_bg_color=&#8220;#D122B5&#8243; button_border_width=&#8220;8px&#8220; button_border_color=&#8220;#D122B5&#8243; button_border_radius=&#8220;0px&#8220; button_font=&#8220;Montserrat|||on|||||&#8220; button_use_icon=&#8220;off&#8220; background_layout=&#8220;light&#8220; custom_margin=&#8220;||26px|||&#8220; custom_padding=&#8220;60px||16px|||&#8220; custom_padding_tablet=&#8220;&#8220; custom_padding_phone=&#8220;&#8220; custom_padding_last_edited=&#8220;on|desktop&#8220; animation_style=&#8220;fold&#8220; animation_direction=&#8220;bottom&#8220; animation_intensity_fold=&#8220;10%&#8220; animation_starting_opacity=&#8220;100%&#8220; hover_enabled=&#8220;0&#8243; global_colors_info=&#8220;{}&#8220; button_text_size__hover_enabled=&#8220;off&#8220; button_one_text_size__hover_enabled=&#8220;off&#8220; button_two_text_size__hover_enabled=&#8220;off&#8220; button_text_color__hover_enabled=&#8220;off&#8220; button_one_text_color__hover_enabled=&#8220;off&#8220; button_two_text_color__hover_enabled=&#8220;off&#8220; button_border_width__hover_enabled=&#8220;off&#8220; button_one_border_width__hover_enabled=&#8220;off&#8220; button_two_border_width__hover_enabled=&#8220;off&#8220; button_border_color__hover_enabled=&#8220;off&#8220; button_one_border_color__hover_enabled=&#8220;off&#8220; button_two_border_color__hover_enabled=&#8220;off&#8220; button_border_radius__hover_enabled=&#8220;off&#8220; button_one_border_radius__hover_enabled=&#8220;off&#8220; button_two_border_radius__hover_enabled=&#8220;off&#8220; button_letter_spacing__hover_enabled=&#8220;off&#8220; button_one_letter_spacing__hover_enabled=&#8220;off&#8220; button_two_letter_spacing__hover_enabled=&#8220;off&#8220; button_bg_color__hover_enabled=&#8220;off&#8220; button_one_bg_color__hover_enabled=&#8220;off&#8220; button_two_bg_color__hover_enabled=&#8220;off&#8220; sticky_enabled=&#8220;0&#8243;]<p style=\"text-align: left;\"><strong><span><\/span><\/strong><\/p>\n<p style=\"text-align: left;\"><strong><span>Verantwortlich f\u00fcr Gestaltung, Inhalt der Webseite und Verantwortlich f\u00fcr die Datenverarbeitung ist:<\/span><\/strong><\/p>\n<p style=\"text-align: left;\">Manuela Steitz-Kramer, unabh\u00e4ngige Elixoo Partnerin.<strong><span><\/span><\/strong><\/p>\n<p style=\"text-align: left;\">Die Seite wird demnach nicht von Elixoo selbst betrieben.<\/p>\n<p style=\"text-align: left;\"><strong><\/strong><\/p>\n<p style=\"text-align: left;\"><strong><\/strong><\/p>\n<p style=\"text-align: left;\"><strong>Angaben gem\u00e4\u00df \u00a7 5 TMG<\/strong><\/p>\n<p style=\"text-align: left;\">\u00a0Manuela Steitz-Kramer<\/p>\n<p style=\"text-align: left;\">Hinter der Mauer 1<\/p>\n<p style=\"text-align: left;\">61118 Bad Vilbel<\/p>\n<p style=\"text-align: left;\">Deutschland<span><\/span><\/p>\n<p style=\"text-align: left;\"><\/p>\n<p style=\"text-align: left;\"><strong>Kontakt:<\/strong><\/p>\n<p style=\"text-align: left;\"><a href=\"mailto:manuela@cbd-power-naturkosmetik.com\">manuela@cbd-power-naturkosmetik.com<\/a><\/p>\n<p style=\"text-align: left;\">+49 171 87 94 742<\/p>\n<p style=\"text-align: left;\"><\/p>[\/et_pb_cta][\/et_pb_column][et_pb_column type=&#8220;1_5&#8243; _builder_version=&#8220;4.16&#8243; custom_padding=&#8220;|||&#8220; global_colors_info=&#8220;{}&#8220; custom_padding__hover=&#8220;|||&#8220;][\/et_pb_column][\/et_pb_row][\/et_pb_section]\n\n","protected":false},"excerpt":{"rendered":"<p>Verantwortlich f\u00fcr Gestaltung, Inhalt der Webseite und Verantwortlich f\u00fcr die Datenverarbeitung ist: Manuela Steitz-Kramer, unabh\u00e4ngige Elixoo Partnerin. Die Seite wird demnach nicht von Elixoo selbst betrieben. Angaben gem\u00e4\u00df \u00a7 5 TMG \u00a0Manuela Steitz-Kramer Hinter der Mauer 1 61118 Bad Vilbel Deutschland Kontakt: manuela@cbd-power-naturkosmetik.com +49 171 87 94 742<\/p>","protected":false},"author":1,"featured_media":0,"parent":0,"menu_order":0,"comment_status":"closed","ping_status":"closed","template":"","meta":{"_et_pb_use_builder":"on","_et_pb_old_content":"","_et_gb_content_width":"","footnotes":""},"class_list":["post-527","page","type-page","status-publish","hentry"],"_links":{"self":[{"href":"https:\/\/cbd-power-naturkosmetik.com\/es\/wp-json\/wp\/v2\/pages\/527","targetHints":{"allow":["GET"]}}],"collection":[{"href":"https:\/\/cbd-power-naturkosmetik.com\/es\/wp-json\/wp\/v2\/pages"}],"about":[{"href":"https:\/\/cbd-power-naturkosmetik.com\/es\/wp-json\/wp\/v2\/types\/page"}],"author":[{"embeddable":true,"href":"https:\/\/cbd-power-naturkosmetik.com\/es\/wp-json\/wp\/v2\/users\/1"}],"replies":[{"embeddable":true,"href":"https:\/\/cbd-power-naturkosmetik.com\/es\/wp-json\/wp\/v2\/comments?post=527"}],"version-history":[{"count":11,"href":"https:\/\/cbd-power-naturkosmetik.com\/es\/wp-json\/wp\/v2\/pages\/527\/revisions"}],"predecessor-version":[{"id":990,"href":"https:\/\/cbd-power-naturkosmetik.com\/es\/wp-json\/wp\/v2\/pages\/527\/revisions\/990"}],"wp:attachment":[{"href":"https:\/\/cbd-power-naturkosmetik.com\/es\/wp-json\/wp\/v2\/media?parent=527"}],"curies":[{"name":"wp","href":"https:\/\/api.w.org\/{rel}","templated":true}]}}